{"id":43,"date":"2022-04-22T15:29:33","date_gmt":"2022-04-22T13:29:33","guid":{"rendered":"https:\/\/superplaner.com\/?page_id=43"},"modified":"2026-01-16T12:04:54","modified_gmt":"2026-01-16T11:04:54","slug":"impressum","status":"publish","type":"page","link":"https:\/\/vskultur.de\/en\/impressum\/","title":{"rendered":"Imprint"},"content":{"rendered":"<p>Visionskultur non-profit organisation<\/p>\n\n\n\n<p>B\u00fcro: Pelzer Stra\u00dfe 40, 28195 Bremen<\/p>\n\n\n\n<p>Firmensitz: Langemarckstr. 178, 28199 Bremen<\/p>\n\n\n\n<p><\/p>\n\n\n\n<p>Marc Fucke 0177 \/ 302 77 47<\/p>\n\n\n\n<p>Hachem Gharbi 0176 \/ 244 67 328<\/p>\n\n\n\n<p>Email: info@vskultur.de<\/p>\n\n\n\n<p>Web: www.vskultur.de<\/p>\n\n\n\n<p>Managing Directors: Marc Fucke and Hachem Gharbi<\/p>\n\n\n\n<p>Commercial register: Bremen Local Court HRB 35108 HB<\/p>\n\n\n\n<p>In case of technical problems please contact <a href=\"mailto:info@vskultur.de\">info@vskultur.de<\/a><\/p>\n\n\n\n<p><strong>Responsible for content according to \u00a7 55 II RStV:<br><\/strong>Marc Fucke<br>Visionskultur non-profit organisation<br>0177 \/ 302 77 47<br>info@vskultur.de<\/p>\n\n\n\n<p>About Visionskultur gemeinn\u00fctzige GmbH<\/p>\n\n\n\n<p>(1) The company pursues exclusively and directly non-profit and charitable purposes within the meaning of the section \"Tax-privileged purposes\" of the German Fiscal Code (AO).<\/p>\n\n\n\n<p>(2) The purpose of the company is the promotion of education, popular and vocational training, including student aid (\u00a7 52 para. 2 sentence 1 no. 7 AO), the promotion of civic engagement in favour of charitable and benevolent purposes (\u00a7 52 para. 2 sentence 1 no. 25 AO) and the selfless promotion and support of needy persons within the meaning of \u00a7 53 AO. The purpose of the company is also to raise funds for the realisation of tax-privileged purposes of another tax-privileged corporation or for the realisation of tax-privileged purposes by a corporation under public law.<\/p>\n\n\n\n<p>(3) The purpose of the Articles of Association is realised in particular through<\/p>\n\n\n\n<p>1. the operation of a consulting and networking centre called \"Creative Hub\" in Bremen, in which natural persons and corporations seeking help are advised with regard to funding opportunities, networking takes place between those seeking help and tax-privileged corporations or corporations under public law and support is provided in raising funds for the realisation of charitable, benevolent and\/or ecclesiastical purposes;<\/p>\n\n\n\n<p>2. the organisation and implementation of measures to improve public understanding of the particular problems of social sustainability, in particular in the context of public events, lectures and publications, including the promotion of such measures and institutions with comparable objectives and related advice;<\/p>\n\n\n\n<p>3. the promotion and support of people in need through counselling and non-material support as well as the active implementation of measures aimed at improving the living conditions of these people.<\/p>","protected":false},"excerpt":{"rendered":"<p>Visionskultur gemeinn\u00fctzige GmbH B\u00fcro: Pelzer Stra\u00dfe 40, 28195 Bremen Firmensitz: Langemarckstr. 178, 28199 Bremen Marc Fucke 0177 \/ 302 77 47 Hachem Gharbi 0176 \/ 244 67 328 Email: info@vskultur.de Web: www.vskultur.de Gesch\u00e4ftsf\u00fchrer: Marc Fucke und Hachem Gharbi Handelsregister: Amtsgericht Bremen HRB 35108 HB Bei technischen Problemen wenden Sie sich bitte an info@vskultur.de Inhaltlich Verantwortlicher [&hellip;]<\/p>","protected":false},"author":1,"featured_media":49,"parent":0,"menu_order":6,"comment_status":"closed","ping_status":"closed","template":"","meta":{"_acf_changed":false,"inline_featured_image":false,"footnotes":""},"class_list":["post-43","page","type-page","status-publish","has-post-thumbnail","hentry"],"acf":[],"_links":{"self":[{"href":"https:\/\/vskultur.de\/en\/wp-json\/wp\/v2\/pages\/43","targetHints":{"allow":["GET"]}}],"collection":[{"href":"https:\/\/vskultur.de\/en\/wp-json\/wp\/v2\/pages"}],"about":[{"href":"https:\/\/vskultur.de\/en\/wp-json\/wp\/v2\/types\/page"}],"author":[{"embeddable":true,"href":"https:\/\/vskultur.de\/en\/wp-json\/wp\/v2\/users\/1"}],"replies":[{"embeddable":true,"href":"https:\/\/vskultur.de\/en\/wp-json\/wp\/v2\/comments?post=43"}],"version-history":[{"count":0,"href":"https:\/\/vskultur.de\/en\/wp-json\/wp\/v2\/pages\/43\/revisions"}],"wp:featuredmedia":[{"embeddable":true,"href":"https:\/\/vskultur.de\/en\/wp-json\/wp\/v2\/media\/49"}],"wp:attachment":[{"href":"https:\/\/vskultur.de\/en\/wp-json\/wp\/v2\/media?parent=43"}],"curies":[{"name":"wp","href":"https:\/\/api.w.org\/{rel}","templated":true}]}}