{"id":359,"date":"2022-05-31T14:22:59","date_gmt":"2022-05-31T12:22:59","guid":{"rendered":"https:\/\/superplaner.com\/?page_id=359"},"modified":"2024-02-26T11:00:14","modified_gmt":"2024-02-26T10:00:14","slug":"foerderer-werden","status":"publish","type":"page","link":"https:\/\/vskultur.de\/en\/foerderer-werden\/","title":{"rendered":"Become a sponsor"},"content":{"rendered":"<div class=\"wp-block-group\"><div class=\"wp-block-group__inner-container is-layout-flow wp-block-group-is-layout-flow\">\n<h2 class=\"wp-block-heading\">Visionskultur promotes Bremen as a business location in a variety of ways. 300 young, creative projects are part of our community. We support these projects and provide them with the support they need to develop their ideas sustainably. <\/h2>\n\n\n\n<h4 class=\"wp-block-heading\">We provide coaching and advice, put you in touch with solution partners, network, organise large and small events and help with marketing and public relations. And, of course, we organise the Creative Hub Bremen creative and innovation centre. Here, projects can access free workspaces and find the infrastructure they need to get off to a successful start. Our resources also include workshop and seminar rooms, a podcast room, workshop, photo studio, print room, stage, open spaces, exercise rooms and many activities for networking and exchange.<\/h4>\n<\/div><\/div>\n\n\n\n<p>We want to do even more and create even more opportunities so that people can realise their ideas in Bremen, even if they initially lack important resources. So that creative, innovative and social visions can develop and Bremen can offer even more opportunities for projects to flourish in the future. <\/p>\n\n\n\n<p>So that the exchange between different people is strengthened and learning from each other and talking to each other is prioritised. We do not want to achieve these goals alone, but with all solution and cooperation partners at the location. With companies, with committed foundations, with public institutions and with social and cultural players. Together and in co-operation, we want to tackle the issues of the future. <\/p>\n\n\n\n<p class=\"has-text-align-left\">We want to make Bremen attractive for young people and everyone else. We also want to promote social and sustainable start-ups. We want to help create jobs and facilitate access to the labour market. We want to develop creative and productive places in Bremen that provide space for ideas and offerings for the neighbourhood. And we want to further expand and develop the Creative Hub Bremen and the vision culture community so that we can provide even better support. That's why we organise large events, offer spaces for community activities and areas for development. That's why we support projects and connect young with established, crafts with education, the environment with construction, culture with business and much more.<\/p>\n\n\n\n<h4 class=\"wp-block-heading\">We are always happy to welcome new cooperation partners who are or would like to be involved in the further development of the Bremen site. We have a wide range of opportunities for involvement and collaboration. Please feel free to contact us at any time: <a href=\"mailto:Info@vskultur.de\" target=\"_blank\" rel=\"noreferrer noopener\">Info@vskultur.de<\/a><\/h4>\n\n\n\n<p>As a non-profit organisation, we are always dependent on third-party funding to create new offers and further develop existing ones. All our events remain free of charge so that everyone can take part. If you would like to support us or a specific area of our work, we would be delighted. Please contact us at : <a href=\"mailto:foerderung@vskultur.de\" target=\"_blank\" rel=\"noreferrer noopener\">foerderung@vskultur.de<\/a><\/p>\n\n\n\n<p>or via the following form<\/p>\n\n\n<div class='fluentform ff-default fluentform_wrapper_18  ff_guten_block ffs_default_wrap'><form data-form_id=\"18\" id=\"fluentform_18\" class=\"frm-fluent-form fluent_form_18 ff-el-form-top ff_form_instance_18_1 ff-form-loading ffs_default\" data-form_instance=\"ff_form_instance_18_1\" method=\"POST\" data-turnstile_key=\"0x4AAAAAACtrWe0XLwS7OWi6\" action=\"\" ><fieldset  style=\"border: none!important;margin: 0!important;padding: 0!important;background-color: transparent!important;box-shadow: none!important;outline: none!important; min-inline-size: 100%;\">\n                    <legend class=\"ff_screen_reader_title\" style=\"display: block; margin: 0!important;padding: 0!important;height: 0!important;text-indent: -999999px;width: 0!important;overflow:hidden;\">Become a supporting member<\/legend>        <div\n                style=\"display: none!important; position: absolute!important; transform: translateX(1000%)!important;\"\n                class=\"ff-el-group ff-hpsf-container\"\n        >\n            <div class=\"ff-el-input--label asterisk-right\">\n                <label for=\"ff_18_item_sf\" aria-label=\"Subscribe\">\n                    Subscribe                <\/label>\n            <\/div>\n            <div class=\"ff-el-input--content\">\n                <input type=\"text\"\n                       name=\"item_18__fluent_sf\"\n                       class=\"ff-el-form-control\"\n                       id=\"ff_18_item_sf\"\n                \/>\n            <\/div>\n        <\/div>\n        <input type='hidden' name='__fluent_form_embded_post_id' value='359' \/><input type=\"hidden\" id=\"_fluentform_18_fluentformnonce\" name=\"_fluentform_18_fluentformnonce\" value=\"80f77628cb\" \/><input type=\"hidden\" name=\"_wp_http_referer\" value=\"\/en\/wp-json\/wp\/v2\/pages\/359\" \/><div data-type=\"name-element\" data-name=\"names\" class=\"ff-field_container ff-name-field-wrapper\" ><div class='ff-t-container'><div class='ff-t-cell'><div class='ff-el-group'><div class=\"ff-el-input--label ff-el-is-required asterisk-right\"><label for='ff_18_names_first_name_' >First name<\/label><\/div><div class='ff-el-input--content'><input type=\"text\" name=\"names[first_name]\" id=\"ff_18_names_first_name_\" class=\"ff-el-form-control\" aria-invalid=\"false\" aria-required=\"true\"><\/div><\/div><\/div><div class='ff-t-cell'><div class='ff-el-group'><div class=\"ff-el-input--label ff-el-is-required asterisk-right\"><label for='ff_18_names_last_name_' >Surname<\/label><\/div><div class='ff-el-input--content'><input type=\"text\" name=\"names[last_name]\" id=\"ff_18_names_last_name_\" class=\"ff-el-form-control\" aria-invalid=\"false\" aria-required=\"true\"><\/div><\/div><\/div><\/div><\/div><div class='ff-el-group'><div class=\"ff-el-input--label ff-el-is-required asterisk-right\"><label for='ff_18_email' aria-label=\"email\">email<\/label><\/div><div class='ff-el-input--content'><input type=\"email\" name=\"email\" id=\"ff_18_email\" class=\"ff-el-form-control\" placeholder=\"Email address\" data-name=\"email\"  aria-invalid=\"false\" aria-required=\"true\"><\/div><\/div><div class='ff-el-group'><div class=\"ff-el-input--label asterisk-right\"><label for='ff_18_subject' aria-label=\"Company\/Organisation\">Company\/Organisation<\/label><\/div><div class='ff-el-input--content'><input type=\"text\" name=\"subject\" class=\"ff-el-form-control\" placeholder=\"if applicable\" data-name=\"subject\" id=\"ff_18_subject\"  aria-invalid=\"false\" aria-required=\"false\"><\/div><\/div><div class='ff-el-group'><div class=\"ff-el-input--label ff-el-is-required asterisk-right\"><label for='ff_18_message' aria-label=\"Your message\">Your message<\/label><\/div><div class='ff-el-input--content'><textarea aria-invalid=\"false\" aria-required=\"true\" name=\"message\" id=\"ff_18_message\" class=\"ff-el-form-control\" rows=\"4\" cols=\"2\" data-name=\"message\" ><\/textarea><\/div><\/div><div class='ff-el-group' ><div class='ff-el-input--content'><div data-fluent_id='18' name='cf-turnstile-response'><div\n\t\tdata-sitekey='0x4AAAAAACtrWe0XLwS7OWi6'\n\t\tdata-theme='auto'\n\t\tid='fluentform-turnstile-18-1'\n\t\tclass='ff-el-turnstile cf-turnstile'\n\t\tdata-appearance='always'><\/div><\/div><\/div><\/div><div class='ff-el-group ff-text-left ff_submit_btn_wrapper'><button type=\"submit\" class=\"ff-btn ff-btn-submit ff-btn-md ff_btn_style\" >Submit Form<\/button><\/div><\/fieldset><input type=\"hidden\" name=\"trp-form-language\" value=\"en\"\/><\/form><div id='fluentform_18_errors' class='ff-errors-in-stack ff_form_instance_18_1 ff-form-loading_errors ff_form_instance_18_1_errors'><\/div><\/div>        <script type=\"text\/javascript\">\n            window.fluent_form_ff_form_instance_18_1 = {\"id\":\"18\",\"settings\":{\"layout\":{\"labelPlacement\":\"top\",\"helpMessagePlacement\":\"with_label\",\"errorMessagePlacement\":\"inline\"},\"restrictions\":{\"denyEmptySubmission\":{\"enabled\":false}}},\"form_instance\":\"ff_form_instance_18_1\",\"form_id_selector\":\"fluentform_18\",\"rules\":{\"names[first_name]\":{\"required\":{\"value\":true,\"message\":\"This field is required\",\"global\":true,\"global_message\":\"This field is required\"}},\"names[middle_name]\":{\"required\":{\"value\":false,\"message\":\"This field is required\",\"global\":true,\"global_message\":\"This field is required\"}},\"names[last_name]\":{\"required\":{\"value\":true,\"message\":\"This field is required\",\"global\":true,\"global_message\":\"This field is required\"}},\"email\":{\"required\":{\"value\":true,\"message\":\"This field is required\",\"global\":true,\"global_message\":\"This field is required\"},\"email\":{\"value\":true,\"message\":\"This field must contain a valid email\",\"global\":true,\"global_message\":\"This field must contain a valid email\"}},\"subject\":{\"required\":{\"value\":false,\"message\":\"This field is required\",\"global\":true,\"global_message\":\"This field is required\"}},\"message\":{\"required\":{\"value\":true,\"message\":\"This field is required\",\"global\":true,\"global_message\":\"This field is required\"}},\"cf-turnstile-response\":[]},\"debounce_time\":300};\n                    <\/script>","protected":false},"excerpt":{"rendered":"<p>Visionskultur f\u00f6rdert den Standort Bremen auf vielf\u00e4ltige Art und Weise. 300 junge, kreative Projekte sind Teil unserer Community. Wir f\u00f6rdern diese Projekte und geben ihnen die Hilfen an die Hand, um ihre Ideen nachhaltig zu entwickeln. Wir begleiten durch Coaching und Beratung, vermitteln an L\u00f6sungspartner*innen, vernetzen, veranstalten gro\u00dfe und kleine Events, helfen bei Marketing und [&hellip;]<\/p>","protected":false},"author":1,"featured_media":49,"parent":0,"menu_order":2,"comment_status":"closed","ping_status":"closed","template":"","meta":{"_acf_changed":false,"inline_featured_image":false,"footnotes":""},"class_list":["post-359","page","type-page","status-publish","has-post-thumbnail","hentry"],"acf":[],"_links":{"self":[{"href":"https:\/\/vskultur.de\/en\/wp-json\/wp\/v2\/pages\/359","targetHints":{"allow":["GET"]}}],"collection":[{"href":"https:\/\/vskultur.de\/en\/wp-json\/wp\/v2\/pages"}],"about":[{"href":"https:\/\/vskultur.de\/en\/wp-json\/wp\/v2\/types\/page"}],"author":[{"embeddable":true,"href":"https:\/\/vskultur.de\/en\/wp-json\/wp\/v2\/users\/1"}],"replies":[{"embeddable":true,"href":"https:\/\/vskultur.de\/en\/wp-json\/wp\/v2\/comments?post=359"}],"version-history":[{"count":0,"href":"https:\/\/vskultur.de\/en\/wp-json\/wp\/v2\/pages\/359\/revisions"}],"wp:featuredmedia":[{"embeddable":true,"href":"https:\/\/vskultur.de\/en\/wp-json\/wp\/v2\/media\/49"}],"wp:attachment":[{"href":"https:\/\/vskultur.de\/en\/wp-json\/wp\/v2\/media?parent=359"}],"curies":[{"name":"wp","href":"https:\/\/api.w.org\/{rel}","templated":true}]}}